{"id":7864,"date":"2021-09-25T01:21:44","date_gmt":"2021-09-25T06:21:44","guid":{"rendered":"https:\/\/proxyserver.tech\/politica-anti-fraude\/"},"modified":"2021-09-25T01:21:44","modified_gmt":"2021-09-25T06:21:44","slug":"politica-anti-fraude","status":"publish","type":"page","link":"https:\/\/proxyserver.tech\/es-mx\/politica-anti-fraude\/","title":{"rendered":"Pol\u00edtica Anti-fraude"},"content":{"rendered":"<p>[et_pb_section fb_built=&#8221;1&#8243; _builder_version=&#8221;4.10.6&#8243; _module_preset=&#8221;default&#8221; global_colors_info=&#8221;{}&#8221;][et_pb_row _builder_version=&#8221;4.10.6&#8243; _module_preset=&#8221;default&#8221; global_colors_info=&#8221;{}&#8221;][et_pb_column type=&#8221;4_4&#8243; _builder_version=&#8221;4.10.6&#8243; _module_preset=&#8221;default&#8221; global_colors_info=&#8221;{}&#8221;][et_pb_text _builder_version=&#8221;4.10.6&#8243; _module_preset=&#8221;default&#8221; global_colors_info=&#8221;{}&#8221;]<\/p>\n<div class=\"page-content\">\n<section id=\"antifraud\">\n<div class=\"features-bg\">\n<div class=\"container\">\n<div class=\"heading\">\n<p><strong>Pol\u00edtica\u00a0Anti-fraude<\/strong><\/p>\n<p><strong>Responsabilidad<\/strong><\/p>\n<p>Una vez registrado en el servicio, el usuario responde de la veracidad de los datos facilitados as\u00ed como del buen uso del mismo. PERICOM S.A. DE C.V. puede excluir del acceso a la web a todo usuario que haya facilitado datos falsos, sin perjuicio de las dem\u00e1s acciones que procedan en Derecho.<\/p>\n<p>PERICOM S.A. DE C.V. queda exonerada de toda responsabilidad que pudiera derivarse del uso indebido o negligente, adoptando las siguientes medidas respecto a los temas siguientes:<\/p>\n<p><strong>\u00bfQu\u00e9 se considera spam?<\/strong><\/p>\n<p>El spam consiste en enviar un e-mail a alguien desconocido que no ha solicitado expresamente la informaci\u00f3n, as\u00ed como mensajes en grupos de noticias (newsgroups), grupos de discusi\u00f3n (foros), tablones de anuncios o Chats en contextos distintos a la tem\u00e1tica de Jobs Online.<\/p>\n<p><strong>\u00bfCu\u00e1l es nuestra pol\u00edtica anti-spam?<\/strong><\/p>\n<p>Jobs Online no permite en ning\u00fan caso estas pr\u00e1cticas. Por esta raz\u00f3n, el usuario que realice spam ser\u00e1 dado de baja del servicio inmediatamente perdiendo cualquier saldo que tuviese acumulado hasta ese momento. El motivo es simple: El llamado correo basura no s\u00f3lo molesta a los internautas sino que, seg\u00fan un estudio de la Comisi\u00f3n Europea, les hace perder miles de millones de euros al a\u00f1o.<\/p>\n<p><strong>\u00bfQu\u00e9 hacer ante un caso de spam?<\/strong><\/p>\n<p>Si sospechas que has recibido cualquier tipo de spam de alg\u00fan miembro de Jobs Online, te agradeceremos que nos lo notifiques en el formulario de contacto para tomar las medidas oportunas. Por favor, indica toda la informaci\u00f3n que puedas, con objeto de que podamos verificar la fuente del spam.<\/p>\n<p><strong>LA LEY DE SERVICIOS DE LA SOCIEDAD DE LA INFORMACI\u00d3N Y DE COMERCIO ELECTR\u00d3NICO<\/strong><\/p>\n<p>La pol\u00edtica de privacidad y las condiciones de servicio de PERICOM S.A. DE C.V. tiene extremo cuidado con la obtenci\u00f3n y la protecci\u00f3n de los datos de nuestros usuarios, con las siguientes medidas:<\/p>\n<ul>\n<li>Utilizando el sistema del doble opt-in en el registro para verificar los datos.<\/li>\n<li>La posibilidad de darse de baja en cualquier momento eliminando todos los datos instant\u00e1neamente.<\/li>\n<li>Pidiendo el permiso sobre qu\u00e9 publicidad se desea y con qu\u00e9 frecuencia.<\/li>\n<li>Poner al servicio del usuario un \u00e1rea privada segura donde poder ver los datos introducidos y modificarlos.<\/li>\n<li>Sin el previo consentimiento del usuario, no vender nunca a empresas ajenas a PERICOM S.A. DE C.V..<\/li>\n<\/ul>\n<p><strong>\u00bfQu\u00e9 otros casos son considerados motivos de baja?<\/strong><\/p>\n<p>PERICOM S.A. DE C.V. vela no s\u00f3lo por la protecci\u00f3n de los datos de sus titulares, sino tambi\u00e9n por su veracidad, con lo que adem\u00e1s del spam, un usuario ser\u00e1 excluido por afiliarse en dos o m\u00e1s cuentas o bien por registrarse con datos fraudulentos (p.ej.: e-mail inexistente, m\u00f3vil inexistente, etc&#8230;).<\/p>\n<p>\u00danicamente se puede pertenecer a una comunidad de Jobs Online y estar registrado en un \u00fanico pa\u00eds. El hecho de pertenecer a varias es motivo de expulsi\u00f3n y baja autom\u00e1tica del usuario. Adem\u00e1s, si el usuario est\u00e1 dado de alta en el mismo (o distinto) pa\u00eds con emails temporales detectados como fraude, ser\u00e1 tambi\u00e9n motivo de baja por parte de Jobs Online.<\/p>\n<p>Tres rebotes consecutivos en el env\u00edo de los mensajes implican la baja del servicio por considerarse una cuenta de e-mail err\u00f3nea.<\/p>\n<p>Por referencias desde enlaces\/sitios que induzcan a enga\u00f1o y que no reflejen la filosof\u00eda del servicio.<\/p>\n<p><strong>Acerca de Jobs Online<\/strong><\/p>\n<p>&nbsp;<\/p>\n<\/div>\n<\/div>\n<\/div>\n<\/section>\n<\/div>\n<p>[\/et_pb_text][\/et_pb_column][\/et_pb_row][\/et_pb_section]<\/p>\n","protected":false},"excerpt":{"rendered":"<p>Pol\u00edtica\u00a0Anti-fraude Responsabilidad Una vez registrado en el servicio, el usuario responde de la veracidad de los datos facilitados as\u00ed como del buen uso del mismo. PERICOM S.A. DE C.V. puede excluir del acceso a la web a todo usuario que haya facilitado datos falsos, sin perjuicio de las dem\u00e1s acciones que procedan en Derecho. PERICOM [&hellip;]<\/p>\n","protected":false},"author":1,"featured_media":0,"parent":0,"menu_order":0,"comment_status":"open","ping_status":"closed","template":"","meta":{"_et_pb_use_builder":"on","_et_pb_old_content":"","_et_gb_content_width":"","footnotes":""},"class_list":["post-7864","page","type-page","status-publish","hentry"],"yoast_head":"<!-- This site is optimized with the Yoast SEO plugin v27.3 - https:\/\/yoast.com\/product\/yoast-seo-wordpress\/ -->\n<title>Pol\u00edtica Anti-fraude - 4g Mobile Proxies \/ Proxy Server<\/title>\n<meta name=\"robots\" content=\"index, follow, max-snippet:-1, max-image-preview:large, max-video-preview:-1\" \/>\n<link rel=\"canonical\" href=\"https:\/\/proxyserver.tech\/es-mx\/politica-anti-fraude\/\" \/>\n<meta property=\"og:locale\" content=\"es_MX\" \/>\n<meta property=\"og:type\" content=\"article\" \/>\n<meta property=\"og:title\" content=\"Pol\u00edtica Anti-fraude - 4g Mobile Proxies \/ Proxy Server\" \/>\n<meta property=\"og:description\" content=\"Pol\u00edtica\u00a0Anti-fraude Responsabilidad Una vez registrado en el servicio, el usuario responde de la veracidad de los datos facilitados as\u00ed como del buen uso del mismo. PERICOM S.A. DE C.V. puede excluir del acceso a la web a todo usuario que haya facilitado datos falsos, sin perjuicio de las dem\u00e1s acciones que procedan en Derecho. PERICOM [&hellip;]\" \/>\n<meta property=\"og:url\" content=\"https:\/\/proxyserver.tech\/es-mx\/politica-anti-fraude\/\" \/>\n<meta property=\"og:site_name\" content=\"4g Mobile Proxies \/ Proxy Server\" \/>\n<meta name=\"twitter:card\" content=\"summary_large_image\" \/>\n<meta name=\"twitter:label1\" content=\"Tiempo de lectura\" \/>\n\t<meta name=\"twitter:data1\" content=\"3 minutos\" \/>\n<script type=\"application\/ld+json\" class=\"yoast-schema-graph\">{\"@context\":\"https:\\\/\\\/schema.org\",\"@graph\":[{\"@type\":\"WebPage\",\"@id\":\"https:\\\/\\\/proxyserver.tech\\\/es-mx\\\/politica-anti-fraude\\\/\",\"url\":\"https:\\\/\\\/proxyserver.tech\\\/es-mx\\\/politica-anti-fraude\\\/\",\"name\":\"Pol\u00edtica Anti-fraude - 4g Mobile Proxies \\\/ Proxy Server\",\"isPartOf\":{\"@id\":\"https:\\\/\\\/proxyserver.tech\\\/es-mx\\\/#website\"},\"datePublished\":\"2021-09-25T06:21:44+00:00\",\"breadcrumb\":{\"@id\":\"https:\\\/\\\/proxyserver.tech\\\/es-mx\\\/politica-anti-fraude\\\/#breadcrumb\"},\"inLanguage\":\"es\",\"potentialAction\":[{\"@type\":\"ReadAction\",\"target\":[\"https:\\\/\\\/proxyserver.tech\\\/es-mx\\\/politica-anti-fraude\\\/\"]}]},{\"@type\":\"BreadcrumbList\",\"@id\":\"https:\\\/\\\/proxyserver.tech\\\/es-mx\\\/politica-anti-fraude\\\/#breadcrumb\",\"itemListElement\":[{\"@type\":\"ListItem\",\"position\":1,\"name\":\"Home\",\"item\":\"https:\\\/\\\/proxyserver.tech\\\/es-mx\\\/\"},{\"@type\":\"ListItem\",\"position\":2,\"name\":\"Pol\u00edtica Anti-fraude\"}]},{\"@type\":\"WebSite\",\"@id\":\"https:\\\/\\\/proxyserver.tech\\\/es-mx\\\/#website\",\"url\":\"https:\\\/\\\/proxyserver.tech\\\/es-mx\\\/\",\"name\":\"4g Mobile Proxies \\\/ Proxy Server\",\"description\":\"Proxy Server\",\"potentialAction\":[{\"@type\":\"SearchAction\",\"target\":{\"@type\":\"EntryPoint\",\"urlTemplate\":\"https:\\\/\\\/proxyserver.tech\\\/es-mx\\\/?s={search_term_string}\"},\"query-input\":{\"@type\":\"PropertyValueSpecification\",\"valueRequired\":true,\"valueName\":\"search_term_string\"}}],\"inLanguage\":\"es\"}]}<\/script>\n<!-- \/ Yoast SEO plugin. -->","yoast_head_json":{"title":"Pol\u00edtica Anti-fraude - 4g Mobile Proxies \/ Proxy Server","robots":{"index":"index","follow":"follow","max-snippet":"max-snippet:-1","max-image-preview":"max-image-preview:large","max-video-preview":"max-video-preview:-1"},"canonical":"https:\/\/proxyserver.tech\/es-mx\/politica-anti-fraude\/","og_locale":"es_MX","og_type":"article","og_title":"Pol\u00edtica Anti-fraude - 4g Mobile Proxies \/ Proxy Server","og_description":"Pol\u00edtica\u00a0Anti-fraude Responsabilidad Una vez registrado en el servicio, el usuario responde de la veracidad de los datos facilitados as\u00ed como del buen uso del mismo. PERICOM S.A. DE C.V. puede excluir del acceso a la web a todo usuario que haya facilitado datos falsos, sin perjuicio de las dem\u00e1s acciones que procedan en Derecho. PERICOM [&hellip;]","og_url":"https:\/\/proxyserver.tech\/es-mx\/politica-anti-fraude\/","og_site_name":"4g Mobile Proxies \/ Proxy Server","twitter_card":"summary_large_image","twitter_misc":{"Tiempo de lectura":"3 minutos"},"schema":{"@context":"https:\/\/schema.org","@graph":[{"@type":"WebPage","@id":"https:\/\/proxyserver.tech\/es-mx\/politica-anti-fraude\/","url":"https:\/\/proxyserver.tech\/es-mx\/politica-anti-fraude\/","name":"Pol\u00edtica Anti-fraude - 4g Mobile Proxies \/ Proxy Server","isPartOf":{"@id":"https:\/\/proxyserver.tech\/es-mx\/#website"},"datePublished":"2021-09-25T06:21:44+00:00","breadcrumb":{"@id":"https:\/\/proxyserver.tech\/es-mx\/politica-anti-fraude\/#breadcrumb"},"inLanguage":"es","potentialAction":[{"@type":"ReadAction","target":["https:\/\/proxyserver.tech\/es-mx\/politica-anti-fraude\/"]}]},{"@type":"BreadcrumbList","@id":"https:\/\/proxyserver.tech\/es-mx\/politica-anti-fraude\/#breadcrumb","itemListElement":[{"@type":"ListItem","position":1,"name":"Home","item":"https:\/\/proxyserver.tech\/es-mx\/"},{"@type":"ListItem","position":2,"name":"Pol\u00edtica Anti-fraude"}]},{"@type":"WebSite","@id":"https:\/\/proxyserver.tech\/es-mx\/#website","url":"https:\/\/proxyserver.tech\/es-mx\/","name":"4g Mobile Proxies \/ Proxy Server","description":"Proxy Server","potentialAction":[{"@type":"SearchAction","target":{"@type":"EntryPoint","urlTemplate":"https:\/\/proxyserver.tech\/es-mx\/?s={search_term_string}"},"query-input":{"@type":"PropertyValueSpecification","valueRequired":true,"valueName":"search_term_string"}}],"inLanguage":"es"}]}},"_links":{"self":[{"href":"https:\/\/proxyserver.tech\/es-mx\/wp-json\/wp\/v2\/pages\/7864","targetHints":{"allow":["GET"]}}],"collection":[{"href":"https:\/\/proxyserver.tech\/es-mx\/wp-json\/wp\/v2\/pages"}],"about":[{"href":"https:\/\/proxyserver.tech\/es-mx\/wp-json\/wp\/v2\/types\/page"}],"author":[{"embeddable":true,"href":"https:\/\/proxyserver.tech\/es-mx\/wp-json\/wp\/v2\/users\/1"}],"replies":[{"embeddable":true,"href":"https:\/\/proxyserver.tech\/es-mx\/wp-json\/wp\/v2\/comments?post=7864"}],"version-history":[{"count":0,"href":"https:\/\/proxyserver.tech\/es-mx\/wp-json\/wp\/v2\/pages\/7864\/revisions"}],"wp:attachment":[{"href":"https:\/\/proxyserver.tech\/es-mx\/wp-json\/wp\/v2\/media?parent=7864"}],"curies":[{"name":"wp","href":"https:\/\/api.w.org\/{rel}","templated":true}]}}